{"id":3795,"date":"2025-07-14T19:08:03","date_gmt":"2025-07-14T22:08:03","guid":{"rendered":"https:\/\/siteswebsa.com.br\/useche\/?page_id=3795"},"modified":"2025-09-05T17:30:29","modified_gmt":"2025-09-05T20:30:29","slug":"banco-flexus-couro","status":"publish","type":"page","link":"https:\/\/siteswebsa.com.br\/useche\/produtos\/bancos\/banco-flexus-couro\/","title":{"rendered":"Banco Flexus Couro"},"content":{"rendered":"\t\t<div data-elementor-type=\"wp-page\" data-elementor-id=\"3795\" class=\"elementor elementor-3795\">\n\t\t\t\t<div class=\"elementor-element elementor-element-3650251 e-flex e-con-boxed wpr-particle-no wpr-jarallax-no wpr-parallax-no wpr-sticky-section-no wpr-equal-height-no e-con e-parent\" data-id=\"3650251\" data-element_type=\"container\" data-e-type=\"container\" data-settings=\"{&quot;background_background&quot;:&quot;classic&quot;}\">\n\t\t\t\t\t<div class=\"e-con-inner\">\n\t\t\t\t<div class=\"elementor-element elementor-element-e9dce1d elementor-widget elementor-widget-eael-breadcrumbs\" data-id=\"e9dce1d\" data-element_type=\"widget\" data-e-type=\"widget\" data-widget_type=\"eael-breadcrumbs.default\">\n\t\t\t\t<div class=\"elementor-widget-container\">\n\t\t\t\t\t\t\t<div class=\"eael-breadcrumbs\">\n\t\t\t<div class=\"eael-breadcrumbs__content\"><a href=\"https:\/\/siteswebsa.com.br\/useche\"><\/a> <span class=\"eael-breadcrumb-separator\"><svg aria-hidden=\"true\" class=\"e-font-icon-svg e-fas-caret-right\" viewBox=\"0 0 192 512\" xmlns=\"http:\/\/www.w3.org\/2000\/svg\"><path d=\"M0 384.662V127.338c0-17.818 21.543-26.741 34.142-14.142l128.662 128.662c7.81 7.81 7.81 20.474 0 28.284L34.142 398.804C21.543 411.404 0 402.48 0 384.662z\"><\/path><\/svg><\/span> <span class = \"eael-current\">P\u00e1gina<\/span><\/div>\t\t<\/div>\n\t\t\t\t\t\t<\/div>\n\t\t\t\t<\/div>\n\t\t\t\t\t<\/div>\n\t\t\t\t<\/div>\n\t\t<div class=\"elementor-element elementor-element-3dea60a e-flex e-con-boxed wpr-particle-no wpr-jarallax-no wpr-parallax-no wpr-sticky-section-no wpr-equal-height-no e-con e-parent\" data-id=\"3dea60a\" data-element_type=\"container\" data-e-type=\"container\" data-settings=\"{&quot;background_background&quot;:&quot;classic&quot;}\">\n\t\t\t\t\t<div class=\"e-con-inner\">\n\t\t<div class=\"elementor-element elementor-element-480675d e-con-full e-flex wpr-particle-no wpr-jarallax-no wpr-parallax-no wpr-sticky-section-no wpr-equal-height-no e-con e-child\" data-id=\"480675d\" data-element_type=\"container\" data-e-type=\"container\">\n\t\t\t\t<div class=\"elementor-element elementor-element-bef343a elementor-arrows-position-outside elementor-pagination-position-outside elementor-widget elementor-widget-image-carousel\" data-id=\"bef343a\" data-element_type=\"widget\" data-e-type=\"widget\" data-settings=\"{&quot;slides_to_show&quot;:&quot;1&quot;,&quot;navigation&quot;:&quot;both&quot;,&quot;infinite&quot;:&quot;yes&quot;,&quot;effect&quot;:&quot;slide&quot;,&quot;speed&quot;:500}\" data-widget_type=\"image-carousel.default\">\n\t\t\t\t<div class=\"elementor-widget-container\">\n\t\t\t\t\t\t\t<div class=\"elementor-image-carousel-wrapper swiper\" role=\"region\" aria-roledescription=\"carousel\" aria-label=\"Carrossel de imagens\" dir=\"ltr\">\n\t\t\t<div class=\"elementor-image-carousel swiper-wrapper\" aria-live=\"polite\">\n\t\t\t\t\t\t\t\t<div class=\"swiper-slide\" role=\"group\" aria-roledescription=\"slide\" aria-label=\"1 de 1\"><a data-elementor-open-lightbox=\"yes\" data-elementor-lightbox-slideshow=\"bef343a\" data-e-action-hash=\"#elementor-action%3Aaction%3Dlightbox%26settings%3DeyJpZCI6MzA4OSwidXJsIjoiaHR0cHM6XC9cL3NpdGVzd2Vic2EuY29tLmJyXC91c2VjaGVcL3dwLWNvbnRlbnRcL3VwbG9hZHNcLzIwMjVcLzA3XC9iYW5jby1mbGV4dXMtZXN0b2ZhZG8wMS5qcGciLCJzbGlkZXNob3ciOiJiZWYzNDNhIn0%3D\" href=\"https:\/\/siteswebsa.com.br\/useche\/wp-content\/uploads\/2025\/07\/banco-flexus-estofado01.jpg\"><figure class=\"swiper-slide-inner\"><img decoding=\"async\" class=\"swiper-slide-image\" src=\"https:\/\/siteswebsa.com.br\/useche\/wp-content\/uploads\/2025\/07\/banco-flexus-estofado01.jpg\" alt=\"banco-flexus-estofado01\" \/><\/figure><\/a><\/div>\t\t\t<\/div>\n\t\t\t\t\t<\/div>\n\t\t\t\t\t\t<\/div>\n\t\t\t\t<\/div>\n\t\t\t\t<\/div>\n\t\t<div class=\"elementor-element elementor-element-99f8083 e-con-full e-flex wpr-particle-no wpr-jarallax-no wpr-parallax-no wpr-sticky-section-no wpr-equal-height-no e-con e-child\" data-id=\"99f8083\" data-element_type=\"container\" data-e-type=\"container\">\n\t\t\t\t<div class=\"elementor-element elementor-element-0e6c969 elementor-widget elementor-widget-heading\" data-id=\"0e6c969\" data-element_type=\"widget\" data-e-type=\"widget\" data-widget_type=\"heading.default\">\n\t\t\t\t<div class=\"elementor-widget-container\">\n\t\t\t\t\t<span class=\"elementor-heading-title elementor-size-default\">Banco Flexus<\/span>\t\t\t\t<\/div>\n\t\t\t\t<\/div>\n\t\t\t\t<div class=\"elementor-element elementor-element-5cdd434 elementor-widget elementor-widget-text-editor\" data-id=\"5cdd434\" data-element_type=\"widget\" data-e-type=\"widget\" data-widget_type=\"text-editor.default\">\n\t\t\t\t<div class=\"elementor-widget-container\">\n\t\t\t\t\t\t\t\t\t<p>Desenvolver um sistema que utilizasse o m\u00ednimo de material para obter o m\u00e1ximo de resist\u00eancia foi o desafio que guiou Useche na constru\u00e7\u00e3o da linha Flexus, baseando-se no sistema construtivo de uma muleta.<br \/>Apesar de visualmente leves, os m\u00f3veis da linha Flexus s\u00e3o muito resistentes fisicamente devido \u00e0 tens\u00e3o criada pela curvatura das finas ripas de madeira.<br \/>Couro Natural.<\/p><p>Assento di\u00e2metro: 0.44m<br \/>Altura: 0.46m<\/p>\t\t\t\t\t\t\t\t<\/div>\n\t\t\t\t<\/div>\n\t\t\t\t<div class=\"elementor-element elementor-element-0d911f4 elementor-widget elementor-widget-button\" data-id=\"0d911f4\" data-element_type=\"widget\" data-e-type=\"widget\" data-widget_type=\"button.default\">\n\t\t\t\t<div class=\"elementor-widget-container\">\n\t\t\t\t\t\t\t\t\t<div class=\"elementor-button-wrapper\">\n\t\t\t\t\t<a class=\"elementor-button elementor-button-link elementor-size-sm\" href=\"mailto:atendimento@studiomaismoveis.com\" target=\"_blank\">\n\t\t\t\t\t\t<span class=\"elementor-button-content-wrapper\">\n\t\t\t\t\t\t\t\t\t<span class=\"elementor-button-text\">fa\u00e7a um or\u00e7amento<\/span>\n\t\t\t\t\t<\/span>\n\t\t\t\t\t<\/a>\n\t\t\t\t<\/div>\n\t\t\t\t\t\t\t\t<\/div>\n\t\t\t\t<\/div>\n\t\t<div class=\"elementor-element elementor-element-972f685 e-con-full e-flex wpr-particle-no wpr-jarallax-no wpr-parallax-no wpr-sticky-section-no wpr-equal-height-no e-con e-child\" data-id=\"972f685\" data-element_type=\"container\" data-e-type=\"container\">\n\t\t<div class=\"elementor-element elementor-element-c59f784 e-con-full e-flex wpr-particle-no wpr-jarallax-no wpr-parallax-no wpr-sticky-section-no wpr-equal-height-no e-con e-child\" data-id=\"c59f784\" data-element_type=\"container\" data-e-type=\"container\">\n\t\t\t\t<div class=\"elementor-element elementor-element-e2e2a6b elementor-widget elementor-widget-text-editor\" data-id=\"e2e2a6b\" data-element_type=\"widget\" data-e-type=\"widget\" data-widget_type=\"text-editor.default\">\n\t\t\t\t<div class=\"elementor-widget-container\">\n\t\t\t\t\t\t\t\t\t<p>Compartilhe no whatsapp \u279c<\/p>\t\t\t\t\t\t\t\t<\/div>\n\t\t\t\t<\/div>\n\t\t\t\t<\/div>\n\t\t<div class=\"elementor-element elementor-element-0047957 e-con-full e-flex wpr-particle-no wpr-jarallax-no wpr-parallax-no wpr-sticky-section-no wpr-equal-height-no e-con e-child\" data-id=\"0047957\" data-element_type=\"container\" data-e-type=\"container\">\n\t\t\t\t<div class=\"elementor-element elementor-element-1381c45 elementor-widget elementor-widget-shortcode\" data-id=\"1381c45\" data-element_type=\"widget\" data-e-type=\"widget\" data-widget_type=\"shortcode.default\">\n\t\t\t\t<div class=\"elementor-widget-container\">\n\t\t\t\t\t\t\t<div class=\"elementor-shortcode\"><div class=\"sfsi_widget sfsi_shortcode_container\"><div class=\"norm_row sfsi_wDiv \"  style=\"width:225px;text-align:left;\"><div style='width:40px; height:40px;margin-left:5px;margin-bottom:5px; ' class='sfsi_wicons shuffeldiv ' ><div class='inerCnt'><a class=' sficn' data-effect='' target='_blank' rel='noopener'  href='https:\/\/api.whatsapp.com\/send?text=https%3A%2F%2Fsiteswebsa.com.br%2Fuseche%2Fprodutos%2Fbancos%2Fbanco-flexus-couro%2F' id='sfsiid_whatsapp_icon' style='width:40px;height:40px;opacity:1;'  ><img data-pin-nopin='true' alt='Compartilhar no WhatsApp' title='Compartilhar no WhatsApp' src='https:\/\/siteswebsa.com.br\/useche\/wp-content\/plugins\/ultimate-social-media-icons\/images\/icons_theme\/icons_only\/icons_only_whatsapp.png' width='40' height='40' style='' class='sfcm sfsi_wicon ' data-effect=''   \/><\/a><\/div><\/div><\/div ><div id=\"sfsi_holder\" class=\"sfsi_holders\" style=\"position: relative; float: left;width:100%;z-index:-1;\"><\/div ><script>window.addEventListener(\"sfsi_functions_loaded\", function()\n\t\t\t{\n\t\t\t\tif (typeof sfsi_widget_set == \"function\") {\n\t\t\t\t\tsfsi_widget_set();\n\t\t\t\t}\n\t\t\t}); <\/script><div style=\"clear: both;\"><\/div><\/div><\/div>\n\t\t\t\t\t\t<\/div>\n\t\t\t\t<\/div>\n\t\t\t\t<\/div>\n\t\t\t\t<\/div>\n\t\t<div class=\"elementor-element elementor-element-1d205fb e-con-full e-flex wpr-particle-no wpr-jarallax-no wpr-parallax-no wpr-sticky-section-no wpr-equal-height-no e-con e-child\" data-id=\"1d205fb\" data-element_type=\"container\" data-e-type=\"container\">\n\t\t\t\t<div class=\"elementor-element elementor-element-f20213a elementor-widget-divider--view-line_text elementor-widget-divider--element-align-left elementor-widget elementor-widget-divider\" data-id=\"f20213a\" data-element_type=\"widget\" data-e-type=\"widget\" data-widget_type=\"divider.default\">\n\t\t\t\t<div class=\"elementor-widget-container\">\n\t\t\t\t\t\t\t<div class=\"elementor-divider\">\n\t\t\t<span class=\"elementor-divider-separator\">\n\t\t\t\t\t\t\t<span class=\"elementor-divider__text elementor-divider__element\">\n\t\t\t\tfabricante\t\t\t\t<\/span>\n\t\t\t\t\t\t<\/span>\n\t\t<\/div>\n\t\t\t\t\t\t<\/div>\n\t\t\t\t<\/div>\n\t\t<div class=\"elementor-element elementor-element-20edf09 e-con-full e-flex wpr-particle-no wpr-jarallax-no wpr-parallax-no wpr-sticky-section-no wpr-equal-height-no e-con e-child\" data-id=\"20edf09\" data-element_type=\"container\" data-e-type=\"container\">\n\t\t\t\t<div class=\"elementor-element elementor-element-6cca7da elementor-widget elementor-widget-image\" data-id=\"6cca7da\" data-element_type=\"widget\" data-e-type=\"widget\" data-widget_type=\"image.default\">\n\t\t\t\t<div class=\"elementor-widget-container\">\n\t\t\t\t\t\t\t\t\t\t\t\t\t\t\t<img fetchpriority=\"high\" decoding=\"async\" width=\"300\" height=\"297\" src=\"https:\/\/siteswebsa.com.br\/useche\/wp-content\/uploads\/2025\/05\/studio-mais.png\" class=\"attachment-medium size-medium wp-image-2328\" alt=\"\" srcset=\"https:\/\/siteswebsa.com.br\/useche\/wp-content\/uploads\/2025\/05\/studio-mais.png 300w, https:\/\/siteswebsa.com.br\/useche\/wp-content\/uploads\/2025\/05\/studio-mais-150x150.png 150w\" sizes=\"(max-width: 300px) 100vw, 300px\" \/>\t\t\t\t\t\t\t\t\t\t\t\t\t\t\t<\/div>\n\t\t\t\t<\/div>\n\t\t\t\t<\/div>\n\t\t\t\t<div class=\"elementor-element elementor-element-ccf19f9 elementor-widget elementor-widget-text-editor\" data-id=\"ccf19f9\" data-element_type=\"widget\" data-e-type=\"widget\" data-widget_type=\"text-editor.default\">\n\t\t\t\t<div class=\"elementor-widget-container\">\n\t\t\t\t\t\t\t\t\t<p>+55 19\u00a098220-4439<br \/><span style=\"color: #000000;\"><a style=\"color: #000000;\" href=\"mailto:atendimento@studiomaismoveis.com\">atendimento@studiomaismoveis.com<\/a><\/span><\/p>\t\t\t\t\t\t\t\t<\/div>\n\t\t\t\t<\/div>\n\t\t\t\t<\/div>\n\t\t\t\t<\/div>\n\t\t<div class=\"elementor-element elementor-element-8d79f41 e-con-full e-flex wpr-particle-no wpr-jarallax-no wpr-parallax-no wpr-sticky-section-no wpr-equal-height-no e-con e-child\" data-id=\"8d79f41\" data-element_type=\"container\" data-e-type=\"container\">\n\t\t\t\t<div class=\"elementor-element elementor-element-d75d76e elementor-widget elementor-widget-heading\" data-id=\"d75d76e\" data-element_type=\"widget\" data-e-type=\"widget\" data-widget_type=\"heading.default\">\n\t\t\t\t<div class=\"elementor-widget-container\">\n\t\t\t\t\t<span class=\"elementor-heading-title elementor-size-default\">LINHA FLEXUS<\/span>\t\t\t\t<\/div>\n\t\t\t\t<\/div>\n\t\t\t\t<div class=\"elementor-element elementor-element-7c3babd elementor-widget elementor-widget-text-editor\" data-id=\"7c3babd\" data-element_type=\"widget\" data-e-type=\"widget\" data-widget_type=\"text-editor.default\">\n\t\t\t\t<div class=\"elementor-widget-container\">\n\t\t\t\t\t\t\t\t\t<p>Estrutura em ripas de madeira cumaru em acabamento natural, ferragens e conex\u00f5es em a\u00e7o inox ou alum\u00ednio.<\/p>\t\t\t\t\t\t\t\t<\/div>\n\t\t\t\t<\/div>\n\t\t\t\t<\/div>\n\t\t\t\t\t<\/div>\n\t\t\t\t<\/div>\n\t\t<div class=\"elementor-element elementor-element-0074368 elementor-hidden-mobile e-flex e-con-boxed wpr-particle-no wpr-jarallax-no wpr-parallax-no wpr-sticky-section-no wpr-equal-height-no e-con e-parent\" data-id=\"0074368\" data-element_type=\"container\" data-e-type=\"container\" data-settings=\"{&quot;background_background&quot;:&quot;classic&quot;}\">\n\t\t\t\t\t<div class=\"e-con-inner\">\n\t\t\t\t<div class=\"elementor-element elementor-element-12697e3 elementor-widget-divider--view-line_text elementor-widget-divider--element-align-center elementor-widget elementor-widget-divider\" data-id=\"12697e3\" data-element_type=\"widget\" data-e-type=\"widget\" data-widget_type=\"divider.default\">\n\t\t\t\t<div class=\"elementor-widget-container\">\n\t\t\t\t\t\t\t<div class=\"elementor-divider\">\n\t\t\t<span class=\"elementor-divider-separator\">\n\t\t\t\t\t\t\t<span class=\"elementor-divider__text elementor-divider__element\">\n\t\t\t\tLINHA  FLEXUS\t\t\t\t<\/span>\n\t\t\t\t\t\t<\/span>\n\t\t<\/div>\n\t\t\t\t\t\t<\/div>\n\t\t\t\t<\/div>\n\t\t\t\t<div class=\"elementor-element elementor-element-68a00cf elementor-widget elementor-widget-eael-image-accordion\" data-id=\"68a00cf\" data-element_type=\"widget\" data-e-type=\"widget\" data-widget_type=\"eael-image-accordion.default\">\n\t\t\t\t<div class=\"elementor-widget-container\">\n\t\t\t\t\t    <div class=\"eael-img-accordion accordion-direction-horizontal eael-img-accordion-horizontal-align-left eael-img-accordion-vertical-align-bottom\" id=\"eael-img-accordion-68a00cf\" data-img-accordion-id=\"68a00cf\" data-img-accordion-type=\"on-hover\">\n                    \n            <div class=\"eael-image-accordion-hover eael-image-accordion-item\" style=\"background-image: url(http:\/\/siteswebsa.com.br\/useche\/wp-content\/uploads\/2025\/07\/dest-banco-flexus-acrilico.jpg);\"  tabindex=\"0\">\n                <div class=\"overlay\">\n                                        <div class=\"overlay-inner \">\n                        <a href=\"https:\/\/siteswebsa.com.br\/useche\/produtos\/bancos\/banco-flexus\/\"><h1 class=\"img-accordion-title\">Banco Flexus \u279c<\/h1><\/a>                    <\/div>\n                <\/div>\n            <\/div>\n                    \n            <div class=\"eael-image-accordion-hover eael-image-accordion-item\" style=\"background-image: url(http:\/\/siteswebsa.com.br\/useche\/wp-content\/uploads\/2025\/07\/dest-poltrona-flexus.jpg);\"  tabindex=\"0\">\n                <div class=\"overlay\">\n                                        <div class=\"overlay-inner \">\n                        <a href=\"https:\/\/siteswebsa.com.br\/useche\/produtos\/poltronas\/poltrona-flexus-2\/\"><h1 class=\"img-accordion-title\">Poltrona Flexus \u279c<\/h1><\/a>                    <\/div>\n                <\/div>\n            <\/div>\n                    \n            <div class=\"eael-image-accordion-hover eael-image-accordion-item\" style=\"background-image: url(http:\/\/siteswebsa.com.br\/useche\/wp-content\/uploads\/2025\/07\/dest-mesa-lateral-flexus.jpg);\"  tabindex=\"0\">\n                <div class=\"overlay\">\n                                        <div class=\"overlay-inner \">\n                        <a href=\"https:\/\/siteswebsa.com.br\/useche\/produtos\/mesas\/mesa-lateral-flexus\/\"><h1 class=\"img-accordion-title\">Mesa Lateral \u279c<\/h1><\/a>                    <\/div>\n                <\/div>\n            <\/div>\n                    \n            <div class=\"eael-image-accordion-hover eael-image-accordion-item\" style=\"background-image: url(http:\/\/siteswebsa.com.br\/useche\/wp-content\/uploads\/2025\/07\/dest-cadeira-flexus-estofada.jpg);\"  tabindex=\"0\">\n                <div class=\"overlay\">\n                                        <div class=\"overlay-inner \">\n                        <a href=\"https:\/\/siteswebsa.com.br\/useche\/produtos\/cadeiras\/cadeira-flexus-madeira\/\"><h1 class=\"img-accordion-title\">Cadeira Flexus \u279c<\/h1><\/a>                    <\/div>\n                <\/div>\n            <\/div>\n                    \n            <div class=\"eael-image-accordion-hover eael-image-accordion-item\" style=\"background-image: url(http:\/\/siteswebsa.com.br\/useche\/wp-content\/uploads\/2025\/07\/dest-mesa-retangular-flexus.jpg);\"  tabindex=\"0\">\n                <div class=\"overlay\">\n                                        <div class=\"overlay-inner \">\n                        <a href=\"https:\/\/siteswebsa.com.br\/useche\/produtos\/mesas\/mesa-jantar-flexus\/\"><h1 class=\"img-accordion-title\">Mesa Retangular \u279c<\/h1><\/a>                    <\/div>\n                <\/div>\n            <\/div>\n                    \n            <div class=\"eael-image-accordion-hover eael-image-accordion-item\" style=\"background-image: url(http:\/\/siteswebsa.com.br\/useche\/wp-content\/uploads\/2025\/07\/dest-banco-flexus-estofado.jpg);\"  tabindex=\"0\">\n                <div class=\"overlay\">\n                                        <div class=\"overlay-inner \">\n                        <a href=\"https:\/\/siteswebsa.com.br\/useche\/produtos\/bancos\/banco-flexus-couro\/\"><h1 class=\"img-accordion-title\">Banco Flexus \u279c<\/h1><\/a>                    <\/div>\n                <\/div>\n            <\/div>\n                    \n            <div class=\"eael-image-accordion-hover eael-image-accordion-item\" style=\"background-image: url(http:\/\/siteswebsa.com.br\/useche\/wp-content\/uploads\/2025\/07\/dest-cadeira-flexus-acrilico.jpg);\"  tabindex=\"0\">\n                <div class=\"overlay\">\n                                        <div class=\"overlay-inner \">\n                        <a href=\"https:\/\/siteswebsa.com.br\/useche\/produtos\/cadeiras\/cadeira-flexus\/\"><h1 class=\"img-accordion-title\">Cadeira Flexus \u279c<\/h1><\/a>                    <\/div>\n                <\/div>\n            <\/div>\n                    \n            <div class=\"eael-image-accordion-hover eael-image-accordion-item\" style=\"background-image: url(http:\/\/siteswebsa.com.br\/useche\/wp-content\/uploads\/2025\/07\/dest-mesa-centro-flexus.jpg);\"  tabindex=\"0\">\n                <div class=\"overlay\">\n                                        <div class=\"overlay-inner \">\n                        <a href=\"https:\/\/siteswebsa.com.br\/useche\/produtos\/mesas\/mesa-de-centro-flexus\/\"><h1 class=\"img-accordion-title\">Mesa de Centro \u279c<\/h1><\/a>                    <\/div>\n                <\/div>\n            <\/div>\n                    \n            <div class=\"eael-image-accordion-hover eael-image-accordion-item\" style=\"background-image: url(http:\/\/siteswebsa.com.br\/useche\/wp-content\/uploads\/2025\/07\/dest-banco-retangular-flexus.jpg);\"  tabindex=\"0\">\n                <div class=\"overlay\">\n                                        <div class=\"overlay-inner \">\n                        <a href=\"https:\/\/siteswebsa.com.br\/useche\/produtos\/bancos\/banco-retangular-flexus\/\"><h1 class=\"img-accordion-title\">Banco Retangular \u279c<\/h1><\/a>                    <\/div>\n                <\/div>\n            <\/div>\n                    \n            <div class=\"eael-image-accordion-hover eael-image-accordion-item\" style=\"background-image: url(http:\/\/siteswebsa.com.br\/useche\/wp-content\/uploads\/2025\/07\/dest-mesa-redonda-flexus.jpg);\"  tabindex=\"0\">\n                <div class=\"overlay\">\n                                        <div class=\"overlay-inner \">\n                        <a href=\"https:\/\/siteswebsa.com.br\/useche\/produtos\/mesas\/mesa-jantar-flexus-redonda\/\"><h1 class=\"img-accordion-title\">Mesa Redonda \u279c<\/h1><\/a>                    <\/div>\n                <\/div>\n            <\/div>\n                <\/div>\n        <style typr=\"text\/css\">\n                    #eael-img-accordion-68a00cf .eael-image-accordion-hover:hover {\n                        flex: 3 1 0% !important;\n                    }\n                    #eael-img-accordion-68a00cf .eael-image-accordion-hover:hover:hover .overlay-inner * {\n                        opacity: 1;\n                        visibility: visible;\n                        transform: none;\n                        transition: all .3s .3s;\n                    }\n                <\/style>\t\t\t\t<\/div>\n\t\t\t\t<\/div>\n\t\t\t\t<div class=\"elementor-element elementor-element-694cfa2 elementor-widget-divider--view-line elementor-widget elementor-widget-divider\" data-id=\"694cfa2\" data-element_type=\"widget\" data-e-type=\"widget\" data-widget_type=\"divider.default\">\n\t\t\t\t<div class=\"elementor-widget-container\">\n\t\t\t\t\t\t\t<div class=\"elementor-divider\">\n\t\t\t<span class=\"elementor-divider-separator\">\n\t\t\t\t\t\t<\/span>\n\t\t<\/div>\n\t\t\t\t\t\t<\/div>\n\t\t\t\t<\/div>\n\t\t\t\t\t<\/div>\n\t\t\t\t<\/div>\n\t\t\t\t<\/div>\n\t\t","protected":false},"excerpt":{"rendered":"<p>P\u00e1gina Banco Flexus Desenvolver um sistema que utilizasse o m\u00ednimo de material para obter o m\u00e1ximo de resist\u00eancia foi o desafio que guiou Useche na constru\u00e7\u00e3o da linha Flexus, baseando-se no sistema construtivo de uma muleta.Apesar de visualmente leves, os m\u00f3veis da linha Flexus s\u00e3o muito resistentes fisicamente devido \u00e0 tens\u00e3o criada pela curvatura das finas ripas de madeira.Couro Natural. Assento di\u00e2metro: 0.44mAltura: 0.46m fa\u00e7a um or\u00e7amento Compartilhe no whatsapp \u279c fabricante +55 19\u00a098220-4439atendimento@studiomaismoveis.com LINHA FLEXUS Estrutura em ripas de madeira cumaru em acabamento natural, ferragens e conex\u00f5es em a\u00e7o inox ou alum\u00ednio. LINHA FLEXUS Banco Flexus \u279c Poltrona Flexus \u279c Mesa Lateral \u279c Cadeira Flexus \u279c Mesa Retangular \u279c Banco Flexus \u279c Cadeira Flexus \u279c Mesa de Centro \u279c Banco Retangular \u279c Mesa Redonda \u279c<\/p>\n","protected":false},"author":1,"featured_media":0,"parent":3076,"menu_order":0,"comment_status":"closed","ping_status":"closed","template":"elementor_header_footer","meta":{"footnotes":""},"class_list":["post-3795","page","type-page","status-publish","hentry"],"_links":{"self":[{"href":"https:\/\/siteswebsa.com.br\/useche\/wp-json\/wp\/v2\/pages\/3795","targetHints":{"allow":["GET"]}}],"collection":[{"href":"https:\/\/siteswebsa.com.br\/useche\/wp-json\/wp\/v2\/pages"}],"about":[{"href":"https:\/\/siteswebsa.com.br\/useche\/wp-json\/wp\/v2\/types\/page"}],"author":[{"embeddable":true,"href":"https:\/\/siteswebsa.com.br\/useche\/wp-json\/wp\/v2\/users\/1"}],"replies":[{"embeddable":true,"href":"https:\/\/siteswebsa.com.br\/useche\/wp-json\/wp\/v2\/comments?post=3795"}],"version-history":[{"count":3,"href":"https:\/\/siteswebsa.com.br\/useche\/wp-json\/wp\/v2\/pages\/3795\/revisions"}],"predecessor-version":[{"id":8085,"href":"https:\/\/siteswebsa.com.br\/useche\/wp-json\/wp\/v2\/pages\/3795\/revisions\/8085"}],"up":[{"embeddable":true,"href":"https:\/\/siteswebsa.com.br\/useche\/wp-json\/wp\/v2\/pages\/3076"}],"wp:attachment":[{"href":"https:\/\/siteswebsa.com.br\/useche\/wp-json\/wp\/v2\/media?parent=3795"}],"curies":[{"name":"wp","href":"https:\/\/api.w.org\/{rel}","templated":true}]}}